{"id":906,"date":"2025-07-08T16:42:48","date_gmt":"2025-07-08T14:42:48","guid":{"rendered":"https:\/\/kiberatunghessen.com\/?page_id=906"},"modified":"2026-01-12T11:40:10","modified_gmt":"2026-01-12T10:40:10","slug":"potenzial-analyse","status":"publish","type":"page","link":"https:\/\/kiberatunghessen.com\/index.php\/potenzial-analyse\/","title":{"rendered":"Potenzial Analyse\u200b"},"content":{"rendered":"\t\t<div data-elementor-type=\"wp-page\" data-elementor-id=\"906\" class=\"elementor elementor-906\" data-elementor-post-type=\"page\">\n\t\t\t\t<div class=\"elementor-element elementor-element-cc165a4 e-flex e-con-boxed wpr-particle-no wpr-jarallax-no wpr-parallax-no wpr-sticky-section-no e-con e-parent\" data-id=\"cc165a4\" data-element_type=\"container\" data-settings=\"{&quot;background_background&quot;:&quot;classic&quot;,&quot;animation&quot;:&quot;none&quot;}\">\n\t\t\t\t\t<div class=\"e-con-inner\">\n\t\t<div class=\"elementor-element elementor-element-909139f e-flex e-con-boxed wpr-particle-no wpr-jarallax-no wpr-parallax-no wpr-sticky-section-no e-con e-child\" data-id=\"909139f\" data-element_type=\"container\" data-settings=\"{&quot;background_background&quot;:&quot;classic&quot;}\">\n\t\t\t\t\t<div class=\"e-con-inner\">\n\t\t\t\t<div class=\"elementor-element elementor-element-4dea8e6 elementor-widget elementor-widget-spacer\" data-id=\"4dea8e6\" data-element_type=\"widget\" data-widget_type=\"spacer.default\">\n\t\t\t\t<div class=\"elementor-widget-container\">\n\t\t\t<style>\/*! elementor - v3.21.0 - 18-04-2024 *\/\n.elementor-column .elementor-spacer-inner{height:var(--spacer-size)}.e-con{--container-widget-width:100%}.e-con-inner>.elementor-widget-spacer,.e-con>.elementor-widget-spacer{width:var(--container-widget-width,var(--spacer-size));--align-self:var(--container-widget-align-self,initial);--flex-shrink:0}.e-con-inner>.elementor-widget-spacer>.elementor-widget-container,.e-con>.elementor-widget-spacer>.elementor-widget-container{height:100%;width:100%}.e-con-inner>.elementor-widget-spacer>.elementor-widget-container>.elementor-spacer,.e-con>.elementor-widget-spacer>.elementor-widget-container>.elementor-spacer{height:100%}.e-con-inner>.elementor-widget-spacer>.elementor-widget-container>.elementor-spacer>.elementor-spacer-inner,.e-con>.elementor-widget-spacer>.elementor-widget-container>.elementor-spacer>.elementor-spacer-inner{height:var(--container-widget-height,var(--spacer-size))}.e-con-inner>.elementor-widget-spacer.elementor-widget-empty,.e-con>.elementor-widget-spacer.elementor-widget-empty{position:relative;min-height:22px;min-width:22px}.e-con-inner>.elementor-widget-spacer.elementor-widget-empty .elementor-widget-empty-icon,.e-con>.elementor-widget-spacer.elementor-widget-empty .elementor-widget-empty-icon{position:absolute;top:0;bottom:0;left:0;right:0;margin:auto;padding:0;width:22px;height:22px}<\/style>\t\t<div class=\"elementor-spacer\">\n\t\t\t<div class=\"elementor-spacer-inner\"><\/div>\n\t\t<\/div>\n\t\t\t\t<\/div>\n\t\t\t\t<\/div>\n\t\t\t\t<div class=\"elementor-element elementor-element-0431f7b elementor-invisible elementor-widget elementor-widget-heading\" data-id=\"0431f7b\" data-element_type=\"widget\" data-settings=\"{&quot;_animation&quot;:&quot;fadeInUp&quot;}\" data-widget_type=\"heading.default\">\n\t\t\t\t<div class=\"elementor-widget-container\">\n\t\t\t<style>\/*! elementor - v3.21.0 - 18-04-2024 *\/\n.elementor-heading-title{padding:0;margin:0;line-height:1}.elementor-widget-heading .elementor-heading-title[class*=elementor-size-]>a{color:inherit;font-size:inherit;line-height:inherit}.elementor-widget-heading .elementor-heading-title.elementor-size-small{font-size:15px}.elementor-widget-heading .elementor-heading-title.elementor-size-medium{font-size:19px}.elementor-widget-heading .elementor-heading-title.elementor-size-large{font-size:29px}.elementor-widget-heading .elementor-heading-title.elementor-size-xl{font-size:39px}.elementor-widget-heading .elementor-heading-title.elementor-size-xxl{font-size:59px}<\/style><h2 class=\"elementor-heading-title elementor-size-default\">Potenzial Analyse<\/h2>\t\t<\/div>\n\t\t\t\t<\/div>\n\t\t\t\t<div class=\"elementor-element elementor-element-54ffb03 elementor-invisible elementor-widget elementor-widget-heading\" data-id=\"54ffb03\" data-element_type=\"widget\" data-settings=\"{&quot;_animation&quot;:&quot;fadeInUp&quot;}\" data-widget_type=\"heading.default\">\n\t\t\t\t<div class=\"elementor-widget-container\">\n\t\t\t<h3 class=\"elementor-heading-title elementor-size-default\">Wie wir Unternehmen dabei helfen, ihre IT-Effizienz zu bewerten und das Potenzial von KI-Integrationen zu analysieren<\/h3>\t\t<\/div>\n\t\t\t\t<\/div>\n\t\t<div class=\"elementor-element elementor-element-33e3e4c e-flex e-con-boxed wpr-particle-no wpr-jarallax-no wpr-parallax-no wpr-sticky-section-no elementor-invisible e-con e-child\" data-id=\"33e3e4c\" data-element_type=\"container\" data-settings=\"{&quot;background_background&quot;:&quot;classic&quot;,&quot;animation&quot;:&quot;fadeInUp&quot;}\">\n\t\t\t\t\t<div class=\"e-con-inner\">\n\t\t<div class=\"elementor-element elementor-element-5118626 e-con-full image-container e-flex wpr-particle-no wpr-jarallax-no wpr-parallax-no wpr-sticky-section-no e-con e-child\" data-id=\"5118626\" data-element_type=\"container\">\n\t\t\t\t<div class=\"elementor-element elementor-element-cb2f455 elementor-widget elementor-widget-image\" data-id=\"cb2f455\" data-element_type=\"widget\" data-widget_type=\"image.default\">\n\t\t\t\t<div class=\"elementor-widget-container\">\n\t\t\t<style>\/*! elementor - v3.21.0 - 18-04-2024 *\/\n.elementor-widget-image{text-align:center}.elementor-widget-image a{display:inline-block}.elementor-widget-image a img[src$=\".svg\"]{width:48px}.elementor-widget-image img{vertical-align:middle;display:inline-block}<\/style>\t\t\t\t\t\t\t\t\t\t<img fetchpriority=\"high\" decoding=\"async\" width=\"750\" height=\"750\" src=\"https:\/\/kiberatunghessen.com\/wp-content\/uploads\/2025\/07\/lichtbild_til_steinhauer.jpg\" class=\"attachment-large size-large wp-image-826\" alt=\"\" srcset=\"https:\/\/kiberatunghessen.com\/wp-content\/uploads\/2025\/07\/lichtbild_til_steinhauer.jpg 750w, https:\/\/kiberatunghessen.com\/wp-content\/uploads\/2025\/07\/lichtbild_til_steinhauer-300x300.jpg 300w, https:\/\/kiberatunghessen.com\/wp-content\/uploads\/2025\/07\/lichtbild_til_steinhauer-150x150.jpg 150w\" sizes=\"(max-width: 750px) 100vw, 750px\" \/>\t\t\t\t\t\t\t\t\t\t\t\t\t<\/div>\n\t\t\t\t<\/div>\n\t\t\t\t<div class=\"elementor-element elementor-element-dedfb08 elementor-widget__width-initial elementor-absolute e-transform elementor-widget elementor-widget-image\" data-id=\"dedfb08\" data-element_type=\"widget\" data-settings=\"{&quot;_position&quot;:&quot;absolute&quot;,&quot;_transform_translateX_effect&quot;:{&quot;unit&quot;:&quot;%&quot;,&quot;size&quot;:-50,&quot;sizes&quot;:[]},&quot;_transform_translateX_effect_tablet&quot;:{&quot;unit&quot;:&quot;%&quot;,&quot;size&quot;:&quot;&quot;,&quot;sizes&quot;:[]},&quot;_transform_translateX_effect_mobile&quot;:{&quot;unit&quot;:&quot;%&quot;,&quot;size&quot;:&quot;&quot;,&quot;sizes&quot;:[]},&quot;_transform_translateY_effect&quot;:{&quot;unit&quot;:&quot;px&quot;,&quot;size&quot;:&quot;&quot;,&quot;sizes&quot;:[]},&quot;_transform_translateY_effect_tablet&quot;:{&quot;unit&quot;:&quot;px&quot;,&quot;size&quot;:&quot;&quot;,&quot;sizes&quot;:[]},&quot;_transform_translateY_effect_mobile&quot;:{&quot;unit&quot;:&quot;px&quot;,&quot;size&quot;:&quot;&quot;,&quot;sizes&quot;:[]}}\" data-widget_type=\"image.default\">\n\t\t\t\t<div class=\"elementor-widget-container\">\n\t\t\t\t\t\t\t\t\t\t\t\t\t<img decoding=\"async\" width=\"256\" height=\"85\" src=\"https:\/\/kiberatunghessen.com\/wp-content\/uploads\/2025\/07\/huugmoloxjqpp3bmbjit-e1763813821126.jpg\" class=\"attachment-large size-large wp-image-827\" alt=\"\" \/>\t\t\t\t\t\t\t\t\t\t\t\t\t<\/div>\n\t\t\t\t<\/div>\n\t\t\t\t<\/div>\n\t\t<div class=\"elementor-element elementor-element-2607e46 e-flex e-con-boxed wpr-particle-no wpr-jarallax-no wpr-parallax-no wpr-sticky-section-no e-con e-child\" data-id=\"2607e46\" data-element_type=\"container\">\n\t\t\t\t\t<div class=\"e-con-inner\">\n\t\t<div class=\"elementor-element elementor-element-789c770 e-flex e-con-boxed wpr-particle-no wpr-jarallax-no wpr-parallax-no wpr-sticky-section-no e-con e-child\" data-id=\"789c770\" data-element_type=\"container\">\n\t\t\t\t\t<div class=\"e-con-inner\">\n\t\t\t\t<div class=\"elementor-element elementor-element-db937b0 elementor-widget elementor-widget-heading\" data-id=\"db937b0\" data-element_type=\"widget\" data-widget_type=\"heading.default\">\n\t\t\t\t<div class=\"elementor-widget-container\">\n\t\t\t<p class=\"elementor-heading-title elementor-size-default\">\"Die Potenzialanalyse wurde strukturiert und gr\u00fcndlich durchgef\u00fchrt, ohne dabei unser Tagesgesch\u00e4ft zu st\u00f6ren. Wir haben nicht nur einen  klaren Bericht \u00fcber unsere IT-Schw\u00e4chen erhalten, sondern auch ein  fundiertes Verst\u00e4ndnis daf\u00fcr gewonnen, wie wir KI sinnvoll in unserem  Unternehmen einsetzen k\u00f6nnen.\"<\/p>\t\t<\/div>\n\t\t\t\t<\/div>\n\t\t\t\t\t<\/div>\n\t\t\t\t<\/div>\n\t\t\t\t<div class=\"elementor-element elementor-element-eef7c49 elementor-widget elementor-widget-heading\" data-id=\"eef7c49\" data-element_type=\"widget\" data-widget_type=\"heading.default\">\n\t\t\t\t<div class=\"elementor-widget-container\">\n\t\t\t<p class=\"elementor-heading-title elementor-size-default\">Til Steinhauer | Gesch\u00e4ftsf\u00fchrer<\/p>\t\t<\/div>\n\t\t\t\t<\/div>\n\t\t\t\t<div class=\"elementor-element elementor-element-fe72459 elementor-widget elementor-widget-spacer\" data-id=\"fe72459\" data-element_type=\"widget\" data-widget_type=\"spacer.default\">\n\t\t\t\t<div class=\"elementor-widget-container\">\n\t\t\t\t\t<div class=\"elementor-spacer\">\n\t\t\t<div class=\"elementor-spacer-inner\"><\/div>\n\t\t<\/div>\n\t\t\t\t<\/div>\n\t\t\t\t<\/div>\n\t\t\t\t<div class=\"elementor-element elementor-element-363e644 elementor-widget elementor-widget-heading\" data-id=\"363e644\" data-element_type=\"widget\" data-widget_type=\"heading.default\">\n\t\t\t\t<div class=\"elementor-widget-container\">\n\t\t\t<p class=\"elementor-heading-title elementor-size-default\">Hinnerb\u00e4cker GmbH + Co. KG<\/p>\t\t<\/div>\n\t\t\t\t<\/div>\n\t\t\t\t\t<\/div>\n\t\t\t\t<\/div>\n\t\t\t\t\t<\/div>\n\t\t\t\t<\/div>\n\t\t<div class=\"elementor-element elementor-element-b3e778f e-flex e-con-boxed wpr-particle-no wpr-jarallax-no wpr-parallax-no wpr-sticky-section-no elementor-invisible e-con e-child\" data-id=\"b3e778f\" data-element_type=\"container\" data-settings=\"{&quot;animation&quot;:&quot;fadeInUp&quot;}\">\n\t\t\t\t\t<div class=\"e-con-inner\">\n\t\t\t\t<div class=\"elementor-element elementor-element-3e22c2c elementor-widget elementor-widget-text-editor\" data-id=\"3e22c2c\" data-element_type=\"widget\" data-widget_type=\"text-editor.default\">\n\t\t\t\t<div class=\"elementor-widget-container\">\n\t\t\t<style>\/*! elementor - v3.21.0 - 18-04-2024 *\/\n.elementor-widget-text-editor.elementor-drop-cap-view-stacked .elementor-drop-cap{background-color:#69727d;color:#fff}.elementor-widget-text-editor.elementor-drop-cap-view-framed .elementor-drop-cap{color:#69727d;border:3px solid;background-color:transparent}.elementor-widget-text-editor:not(.elementor-drop-cap-view-default) .elementor-drop-cap{margin-top:8px}.elementor-widget-text-editor:not(.elementor-drop-cap-view-default) .elementor-drop-cap-letter{width:1em;height:1em}.elementor-widget-text-editor .elementor-drop-cap{float:left;text-align:center;line-height:1;font-size:50px}.elementor-widget-text-editor .elementor-drop-cap-letter{display:inline-block}<\/style>\t\t\t\t<div class=\"custom-content\">\n<h2>Die 3 Schritte zur KI-Potenzialanalyse<\/h2>\n<div class=\"process-steps\">\n<div class=\"step\">\n<div class=\"step-number\">1<\/div>\n<b>Interview Gesch\u00e4ftsf\u00fchrung<\/b>\nZu Beginn sprechen wir mit der\nF\u00fchrungsebene. Dabei erfassen wir:\n<ul>\n \t<li>Ihre Unternehmensstruktur sowie die Abteilungen und deren Abh\u00e4ngigkeiten<\/li>\n \t<li>Die wichtigsten Kostenbl\u00f6cke<\/li>\n \t<li>Erste Anhaltspunkte, wo KI den gr\u00f6\u00dften\nMehrwert bieten k\u00f6nnte<\/li>\n \t<li>Identifikation relevanter\nGespr\u00e4chspartner f\u00fcr die n\u00e4chste Phase.<\/li>\n<\/ul>\n<\/div>\n<div class=\"step\">\n<div class=\"step-number\">2<\/div>\n<b>Mitarbeiter-Umfrage<\/b>\nIhre Mitarbeiter erleben die operativen\nHerausforderungen t\u00e4glich \u2013 und genau hier steckt das gr\u00f6\u00dfte\nPotenzial. Die Umfrage gibt Aufschluss dar\u00fcber:\n<ul>\n \t<li>Wo es unn\u00f6tige Zeitfresser gibt<\/li>\n \t<li>Wo h\u00e4ufig Fehler entstehen<\/li>\n \t<li>Welche Aufgaben sich f\u00fcr Automatisierung\nund KI eignen<\/li>\n<\/ul>\n<\/div>\n<div class=\"step\">\n<div class=\"step-number\">3<\/div>\n<b>Fokussierte Interviews<\/b>\nBasierend auf den Umfrageergebnissen\nf\u00fchren wir Gespr\u00e4che mit den relevanten Schl\u00fcsselpersonen, um:\n<ul>\n \t<li>Konkretes Verst\u00e4ndnis der\nHerausforderungen erlangen<\/li>\n \t<li>Optimierungspotenziale zu pr\u00e4zisieren<\/li>\n \t<li>Wiederst\u00e4nde Identifizieren und\nStrategien zu ihrer \u00dcberwindung entwickeln<\/li>\n<\/ul>\n<\/div>\n<\/div>\n<h2>Das Ergebnis<\/h2>\nAm Ende erhalten Sie eine ma\u00dfgeschneiderte KI-Potenzialanalyse, die als\nfundierte Entscheidungsgrundlage f\u00fcr die n\u00e4chsten Schritte dient.\n<div class=\"feature-box\">\n<ul>\n \t<li><span class=\"icon\">\u2713<\/span> <b>\u00dcberblick<\/b>: Eine kompakte Zusammenfassung\nder wichtigsten Erkenntnisse aus den ersten beiden Schritten.<\/li>\n \t<li><span class=\"icon\">\u2713<\/span> <b>Schw\u00e4chen &amp; Potenziale<\/b>: Eine detaillierte\nDarstellung, wo Herausforderungen bestehen \u2013 und wo die gr\u00f6\u00dften\nChancen liegen.<\/li>\n \t<li><span class=\"icon\">\u2713<\/span> <b>Konkrete Anwendungsf\u00e4lle<\/b>: Realistische Use\nCases mit einer exemplarischen Kosten-Nutzen-Rechnung.<\/li>\n \t<li><span class=\"icon\">\u2713<\/span> <b>Handlungsempfehlung<\/b>: Die Strategie umfasst\nsowohl kurzfristige Use Cases f\u00fcr schnelle Umsetzung als auch eine\nlangfristige Planung f\u00fcr nachhaltige KI-Implementierung.<\/li>\n<\/ul>\n<\/div>\n<\/div>\t\t\t\t\t\t<\/div>\n\t\t\t\t<\/div>\n\t\t\t\t\t<\/div>\n\t\t\t\t<\/div>\n\t\t\t\t<div class=\"elementor-element elementor-element-47e0367 elementor-widget elementor-widget-spacer\" data-id=\"47e0367\" data-element_type=\"widget\" data-widget_type=\"spacer.default\">\n\t\t\t\t<div class=\"elementor-widget-container\">\n\t\t\t\t\t<div class=\"elementor-spacer\">\n\t\t\t<div class=\"elementor-spacer-inner\"><\/div>\n\t\t<\/div>\n\t\t\t\t<\/div>\n\t\t\t\t<\/div>\n\t\t\t\t\t<\/div>\n\t\t\t\t<\/div>\n\t\t\t\t\t<\/div>\n\t\t\t\t<\/div>\n\t\t\t\t<\/div>\n\t\t","protected":false},"excerpt":{"rendered":"<p>Potenzial Analyse Wie wir Unternehmen dabei helfen, ihre IT-Effizienz zu bewerten und das Potenzial von KI-Integrationen zu analysieren &#8220;Die Potenzialanalyse wurde strukturiert und gr\u00fcndlich durchgef\u00fchrt, ohne dabei unser Tagesgesch\u00e4ft zu st\u00f6ren. Wir haben nicht nur einen klaren Bericht \u00fcber unsere IT-Schw\u00e4chen erhalten, sondern auch ein fundiertes Verst\u00e4ndnis daf\u00fcr gewonnen, wie wir KI sinnvoll in unserem [&hellip;]<\/p>\n","protected":false},"author":4,"featured_media":786,"parent":0,"menu_order":0,"comment_status":"closed","ping_status":"closed","template":"","meta":{"footnotes":""},"yoast_head":"<!-- This site is optimized with the Yoast SEO plugin v22.5 - https:\/\/yoast.com\/wordpress\/plugins\/seo\/ -->\n<title>Potenzial Analyse\u200b - KI Beratung Hessen<\/title>\n<meta name=\"robots\" content=\"index, follow, max-snippet:-1, max-image-preview:large, max-video-preview:-1\" \/>\n<link rel=\"canonical\" href=\"https:\/\/kiberatunghessen.com\/index.php\/potenzial-analyse\/\" \/>\n<meta property=\"og:locale\" content=\"en_US\" \/>\n<meta property=\"og:type\" content=\"article\" \/>\n<meta property=\"og:title\" content=\"Potenzial Analyse\u200b - KI Beratung Hessen\" \/>\n<meta property=\"og:description\" content=\"Potenzial Analyse Wie wir Unternehmen dabei helfen, ihre IT-Effizienz zu bewerten und das Potenzial von KI-Integrationen zu analysieren &#8220;Die Potenzialanalyse wurde strukturiert und gr\u00fcndlich durchgef\u00fchrt, ohne dabei unser Tagesgesch\u00e4ft zu st\u00f6ren. Wir haben nicht nur einen klaren Bericht \u00fcber unsere IT-Schw\u00e4chen erhalten, sondern auch ein fundiertes Verst\u00e4ndnis daf\u00fcr gewonnen, wie wir KI sinnvoll in unserem [&hellip;]\" \/>\n<meta property=\"og:url\" content=\"https:\/\/kiberatunghessen.com\/index.php\/potenzial-analyse\/\" \/>\n<meta property=\"og:site_name\" content=\"KI Beratung Hessen\" \/>\n<meta property=\"article:modified_time\" content=\"2026-01-12T10:40:10+00:00\" \/>\n<meta property=\"og:image\" content=\"https:\/\/kiberatunghessen.com\/wp-content\/uploads\/2025\/05\/cropped-ChatGPT-Image-22.-Mai-2025-06_32_08-2.png\" \/>\n\t<meta property=\"og:image:width\" content=\"512\" \/>\n\t<meta property=\"og:image:height\" content=\"512\" \/>\n\t<meta property=\"og:image:type\" content=\"image\/png\" \/>\n<meta name=\"twitter:card\" content=\"summary_large_image\" \/>\n<meta name=\"twitter:label1\" content=\"Est. reading time\" \/>\n\t<meta name=\"twitter:data1\" content=\"2 minutes\" \/>\n<script type=\"application\/ld+json\" class=\"yoast-schema-graph\">{\"@context\":\"https:\/\/schema.org\",\"@graph\":[{\"@type\":\"WebPage\",\"@id\":\"https:\/\/kiberatunghessen.com\/index.php\/potenzial-analyse\/\",\"url\":\"https:\/\/kiberatunghessen.com\/index.php\/potenzial-analyse\/\",\"name\":\"Potenzial Analyse\u200b - KI Beratung Hessen\",\"isPartOf\":{\"@id\":\"https:\/\/kiberatunghessen.com\/#website\"},\"primaryImageOfPage\":{\"@id\":\"https:\/\/kiberatunghessen.com\/index.php\/potenzial-analyse\/#primaryimage\"},\"image\":{\"@id\":\"https:\/\/kiberatunghessen.com\/index.php\/potenzial-analyse\/#primaryimage\"},\"thumbnailUrl\":\"https:\/\/kiberatunghessen.com\/wp-content\/uploads\/2025\/05\/cropped-ChatGPT-Image-22.-Mai-2025-06_32_08-2.png\",\"datePublished\":\"2025-07-08T14:42:48+00:00\",\"dateModified\":\"2026-01-12T10:40:10+00:00\",\"breadcrumb\":{\"@id\":\"https:\/\/kiberatunghessen.com\/index.php\/potenzial-analyse\/#breadcrumb\"},\"inLanguage\":\"en-US\",\"potentialAction\":[{\"@type\":\"ReadAction\",\"target\":[\"https:\/\/kiberatunghessen.com\/index.php\/potenzial-analyse\/\"]}]},{\"@type\":\"ImageObject\",\"inLanguage\":\"en-US\",\"@id\":\"https:\/\/kiberatunghessen.com\/index.php\/potenzial-analyse\/#primaryimage\",\"url\":\"https:\/\/kiberatunghessen.com\/wp-content\/uploads\/2025\/05\/cropped-ChatGPT-Image-22.-Mai-2025-06_32_08-2.png\",\"contentUrl\":\"https:\/\/kiberatunghessen.com\/wp-content\/uploads\/2025\/05\/cropped-ChatGPT-Image-22.-Mai-2025-06_32_08-2.png\",\"width\":512,\"height\":512},{\"@type\":\"BreadcrumbList\",\"@id\":\"https:\/\/kiberatunghessen.com\/index.php\/potenzial-analyse\/#breadcrumb\",\"itemListElement\":[{\"@type\":\"ListItem\",\"position\":1,\"name\":\"Startseite\",\"item\":\"https:\/\/kiberatunghessen.com\/\"},{\"@type\":\"ListItem\",\"position\":2,\"name\":\"Potenzial Analyse\u200b\"}]},{\"@type\":\"WebSite\",\"@id\":\"https:\/\/kiberatunghessen.com\/#website\",\"url\":\"https:\/\/kiberatunghessen.com\/\",\"name\":\"KI Beratung Hessen\",\"description\":\"Ihr Weg zur KI-Exzellenz\",\"publisher\":{\"@id\":\"https:\/\/kiberatunghessen.com\/#organization\"},\"potentialAction\":[{\"@type\":\"SearchAction\",\"target\":{\"@type\":\"EntryPoint\",\"urlTemplate\":\"https:\/\/kiberatunghessen.com\/?s={search_term_string}\"},\"query-input\":\"required name=search_term_string\"}],\"inLanguage\":\"en-US\"},{\"@type\":\"Organization\",\"@id\":\"https:\/\/kiberatunghessen.com\/#organization\",\"name\":\"KI Beratung Hessen\",\"url\":\"https:\/\/kiberatunghessen.com\/\",\"logo\":{\"@type\":\"ImageObject\",\"inLanguage\":\"en-US\",\"@id\":\"https:\/\/kiberatunghessen.com\/#\/schema\/logo\/image\/\",\"url\":\"https:\/\/kiberatunghessen.com\/wp-content\/uploads\/2024\/03\/kibh3.png\",\"contentUrl\":\"https:\/\/kiberatunghessen.com\/wp-content\/uploads\/2024\/03\/kibh3.png\",\"width\":1050,\"height\":367,\"caption\":\"KI Beratung Hessen\"},\"image\":{\"@id\":\"https:\/\/kiberatunghessen.com\/#\/schema\/logo\/image\/\"}}]}<\/script>\n<!-- \/ Yoast SEO plugin. -->","yoast_head_json":{"title":"Potenzial Analyse\u200b - KI Beratung Hessen","robots":{"index":"index","follow":"follow","max-snippet":"max-snippet:-1","max-image-preview":"max-image-preview:large","max-video-preview":"max-video-preview:-1"},"canonical":"https:\/\/kiberatunghessen.com\/index.php\/potenzial-analyse\/","og_locale":"en_US","og_type":"article","og_title":"Potenzial Analyse\u200b - KI Beratung Hessen","og_description":"Potenzial Analyse Wie wir Unternehmen dabei helfen, ihre IT-Effizienz zu bewerten und das Potenzial von KI-Integrationen zu analysieren &#8220;Die Potenzialanalyse wurde strukturiert und gr\u00fcndlich durchgef\u00fchrt, ohne dabei unser Tagesgesch\u00e4ft zu st\u00f6ren. Wir haben nicht nur einen klaren Bericht \u00fcber unsere IT-Schw\u00e4chen erhalten, sondern auch ein fundiertes Verst\u00e4ndnis daf\u00fcr gewonnen, wie wir KI sinnvoll in unserem [&hellip;]","og_url":"https:\/\/kiberatunghessen.com\/index.php\/potenzial-analyse\/","og_site_name":"KI Beratung Hessen","article_modified_time":"2026-01-12T10:40:10+00:00","og_image":[{"width":512,"height":512,"url":"https:\/\/kiberatunghessen.com\/wp-content\/uploads\/2025\/05\/cropped-ChatGPT-Image-22.-Mai-2025-06_32_08-2.png","type":"image\/png"}],"twitter_card":"summary_large_image","twitter_misc":{"Est. reading time":"2 minutes"},"schema":{"@context":"https:\/\/schema.org","@graph":[{"@type":"WebPage","@id":"https:\/\/kiberatunghessen.com\/index.php\/potenzial-analyse\/","url":"https:\/\/kiberatunghessen.com\/index.php\/potenzial-analyse\/","name":"Potenzial Analyse\u200b - KI Beratung Hessen","isPartOf":{"@id":"https:\/\/kiberatunghessen.com\/#website"},"primaryImageOfPage":{"@id":"https:\/\/kiberatunghessen.com\/index.php\/potenzial-analyse\/#primaryimage"},"image":{"@id":"https:\/\/kiberatunghessen.com\/index.php\/potenzial-analyse\/#primaryimage"},"thumbnailUrl":"https:\/\/kiberatunghessen.com\/wp-content\/uploads\/2025\/05\/cropped-ChatGPT-Image-22.-Mai-2025-06_32_08-2.png","datePublished":"2025-07-08T14:42:48+00:00","dateModified":"2026-01-12T10:40:10+00:00","breadcrumb":{"@id":"https:\/\/kiberatunghessen.com\/index.php\/potenzial-analyse\/#breadcrumb"},"inLanguage":"en-US","potentialAction":[{"@type":"ReadAction","target":["https:\/\/kiberatunghessen.com\/index.php\/potenzial-analyse\/"]}]},{"@type":"ImageObject","inLanguage":"en-US","@id":"https:\/\/kiberatunghessen.com\/index.php\/potenzial-analyse\/#primaryimage","url":"https:\/\/kiberatunghessen.com\/wp-content\/uploads\/2025\/05\/cropped-ChatGPT-Image-22.-Mai-2025-06_32_08-2.png","contentUrl":"https:\/\/kiberatunghessen.com\/wp-content\/uploads\/2025\/05\/cropped-ChatGPT-Image-22.-Mai-2025-06_32_08-2.png","width":512,"height":512},{"@type":"BreadcrumbList","@id":"https:\/\/kiberatunghessen.com\/index.php\/potenzial-analyse\/#breadcrumb","itemListElement":[{"@type":"ListItem","position":1,"name":"Startseite","item":"https:\/\/kiberatunghessen.com\/"},{"@type":"ListItem","position":2,"name":"Potenzial Analyse\u200b"}]},{"@type":"WebSite","@id":"https:\/\/kiberatunghessen.com\/#website","url":"https:\/\/kiberatunghessen.com\/","name":"KI Beratung Hessen","description":"Ihr Weg zur KI-Exzellenz","publisher":{"@id":"https:\/\/kiberatunghessen.com\/#organization"},"potentialAction":[{"@type":"SearchAction","target":{"@type":"EntryPoint","urlTemplate":"https:\/\/kiberatunghessen.com\/?s={search_term_string}"},"query-input":"required name=search_term_string"}],"inLanguage":"en-US"},{"@type":"Organization","@id":"https:\/\/kiberatunghessen.com\/#organization","name":"KI Beratung Hessen","url":"https:\/\/kiberatunghessen.com\/","logo":{"@type":"ImageObject","inLanguage":"en-US","@id":"https:\/\/kiberatunghessen.com\/#\/schema\/logo\/image\/","url":"https:\/\/kiberatunghessen.com\/wp-content\/uploads\/2024\/03\/kibh3.png","contentUrl":"https:\/\/kiberatunghessen.com\/wp-content\/uploads\/2024\/03\/kibh3.png","width":1050,"height":367,"caption":"KI Beratung Hessen"},"image":{"@id":"https:\/\/kiberatunghessen.com\/#\/schema\/logo\/image\/"}}]}},"_links":{"self":[{"href":"https:\/\/kiberatunghessen.com\/index.php\/wp-json\/wp\/v2\/pages\/906"}],"collection":[{"href":"https:\/\/kiberatunghessen.com\/index.php\/wp-json\/wp\/v2\/pages"}],"about":[{"href":"https:\/\/kiberatunghessen.com\/index.php\/wp-json\/wp\/v2\/types\/page"}],"author":[{"embeddable":true,"href":"https:\/\/kiberatunghessen.com\/index.php\/wp-json\/wp\/v2\/users\/4"}],"replies":[{"embeddable":true,"href":"https:\/\/kiberatunghessen.com\/index.php\/wp-json\/wp\/v2\/comments?post=906"}],"version-history":[{"count":46,"href":"https:\/\/kiberatunghessen.com\/index.php\/wp-json\/wp\/v2\/pages\/906\/revisions"}],"predecessor-version":[{"id":1103,"href":"https:\/\/kiberatunghessen.com\/index.php\/wp-json\/wp\/v2\/pages\/906\/revisions\/1103"}],"wp:featuredmedia":[{"embeddable":true,"href":"https:\/\/kiberatunghessen.com\/index.php\/wp-json\/wp\/v2\/media\/786"}],"wp:attachment":[{"href":"https:\/\/kiberatunghessen.com\/index.php\/wp-json\/wp\/v2\/media?parent=906"}],"curies":[{"name":"wp","href":"https:\/\/api.w.org\/{rel}","templated":true}]}}