{"id":917,"date":"2025-07-08T16:48:00","date_gmt":"2025-07-08T14:48:00","guid":{"rendered":"https:\/\/kiberatunghessen.com\/?page_id=917"},"modified":"2026-01-12T11:38:25","modified_gmt":"2026-01-12T10:38:25","slug":"automatische-rechnungsprufung","status":"publish","type":"page","link":"https:\/\/kiberatunghessen.com\/index.php\/automatische-rechnungsprufung\/","title":{"rendered":"Automatische Rechnungspr\u00fcfung"},"content":{"rendered":"\t\t<div data-elementor-type=\"wp-page\" data-elementor-id=\"917\" class=\"elementor elementor-917\" data-elementor-post-type=\"page\">\n\t\t\t\t<div class=\"elementor-element elementor-element-37ae819 e-flex e-con-boxed wpr-particle-no wpr-jarallax-no wpr-parallax-no wpr-sticky-section-no e-con e-parent\" data-id=\"37ae819\" data-element_type=\"container\" data-settings=\"{&quot;background_background&quot;:&quot;classic&quot;,&quot;animation&quot;:&quot;none&quot;}\">\n\t\t\t\t\t<div class=\"e-con-inner\">\n\t\t<div class=\"elementor-element elementor-element-79debb9 e-flex e-con-boxed wpr-particle-no wpr-jarallax-no wpr-parallax-no wpr-sticky-section-no e-con e-child\" data-id=\"79debb9\" data-element_type=\"container\" data-settings=\"{&quot;background_background&quot;:&quot;classic&quot;}\">\n\t\t\t\t\t<div class=\"e-con-inner\">\n\t\t\t\t<div class=\"elementor-element elementor-element-088b94b elementor-widget elementor-widget-spacer\" data-id=\"088b94b\" data-element_type=\"widget\" data-widget_type=\"spacer.default\">\n\t\t\t\t<div class=\"elementor-widget-container\">\n\t\t\t<style>\/*! elementor - v3.21.0 - 18-04-2024 *\/\n.elementor-column .elementor-spacer-inner{height:var(--spacer-size)}.e-con{--container-widget-width:100%}.e-con-inner>.elementor-widget-spacer,.e-con>.elementor-widget-spacer{width:var(--container-widget-width,var(--spacer-size));--align-self:var(--container-widget-align-self,initial);--flex-shrink:0}.e-con-inner>.elementor-widget-spacer>.elementor-widget-container,.e-con>.elementor-widget-spacer>.elementor-widget-container{height:100%;width:100%}.e-con-inner>.elementor-widget-spacer>.elementor-widget-container>.elementor-spacer,.e-con>.elementor-widget-spacer>.elementor-widget-container>.elementor-spacer{height:100%}.e-con-inner>.elementor-widget-spacer>.elementor-widget-container>.elementor-spacer>.elementor-spacer-inner,.e-con>.elementor-widget-spacer>.elementor-widget-container>.elementor-spacer>.elementor-spacer-inner{height:var(--container-widget-height,var(--spacer-size))}.e-con-inner>.elementor-widget-spacer.elementor-widget-empty,.e-con>.elementor-widget-spacer.elementor-widget-empty{position:relative;min-height:22px;min-width:22px}.e-con-inner>.elementor-widget-spacer.elementor-widget-empty .elementor-widget-empty-icon,.e-con>.elementor-widget-spacer.elementor-widget-empty .elementor-widget-empty-icon{position:absolute;top:0;bottom:0;left:0;right:0;margin:auto;padding:0;width:22px;height:22px}<\/style>\t\t<div class=\"elementor-spacer\">\n\t\t\t<div class=\"elementor-spacer-inner\"><\/div>\n\t\t<\/div>\n\t\t\t\t<\/div>\n\t\t\t\t<\/div>\n\t\t\t\t<div class=\"elementor-element elementor-element-b0e17b8 elementor-invisible elementor-widget elementor-widget-heading\" data-id=\"b0e17b8\" data-element_type=\"widget\" data-settings=\"{&quot;_animation&quot;:&quot;fadeInUp&quot;}\" data-widget_type=\"heading.default\">\n\t\t\t\t<div class=\"elementor-widget-container\">\n\t\t\t<style>\/*! elementor - v3.21.0 - 18-04-2024 *\/\n.elementor-heading-title{padding:0;margin:0;line-height:1}.elementor-widget-heading .elementor-heading-title[class*=elementor-size-]>a{color:inherit;font-size:inherit;line-height:inherit}.elementor-widget-heading .elementor-heading-title.elementor-size-small{font-size:15px}.elementor-widget-heading .elementor-heading-title.elementor-size-medium{font-size:19px}.elementor-widget-heading .elementor-heading-title.elementor-size-large{font-size:29px}.elementor-widget-heading .elementor-heading-title.elementor-size-xl{font-size:39px}.elementor-widget-heading .elementor-heading-title.elementor-size-xxl{font-size:59px}<\/style><h2 class=\"elementor-heading-title elementor-size-default\">Case Study<\/h2>\t\t<\/div>\n\t\t\t\t<\/div>\n\t\t\t\t<div class=\"elementor-element elementor-element-8a1b8e6 elementor-invisible elementor-widget elementor-widget-heading\" data-id=\"8a1b8e6\" data-element_type=\"widget\" data-settings=\"{&quot;_animation&quot;:&quot;fadeInUp&quot;}\" data-widget_type=\"heading.default\">\n\t\t\t\t<div class=\"elementor-widget-container\">\n\t\t\t<h3 class=\"elementor-heading-title elementor-size-default\">Automatisierte Rechnungspr\u00fcfung im Bauwesen \u2013 KI entlastet Projektsteuerer<\/h3>\t\t<\/div>\n\t\t\t\t<\/div>\n\t\t\t\t<div class=\"elementor-element elementor-element-e831f05 elementor-widget elementor-widget-image\" data-id=\"e831f05\" data-element_type=\"widget\" data-widget_type=\"image.default\">\n\t\t\t\t<div class=\"elementor-widget-container\">\n\t\t\t<style>\/*! elementor - v3.21.0 - 18-04-2024 *\/\n.elementor-widget-image{text-align:center}.elementor-widget-image a{display:inline-block}.elementor-widget-image a img[src$=\".svg\"]{width:48px}.elementor-widget-image img{vertical-align:middle;display:inline-block}<\/style>\t\t\t\t\t\t\t\t\t\t<img fetchpriority=\"high\" decoding=\"async\" width=\"800\" height=\"384\" src=\"https:\/\/kiberatunghessen.com\/wp-content\/uploads\/2025\/07\/grafik-1024x492.png\" class=\"attachment-large size-large wp-image-952\" alt=\"\" srcset=\"https:\/\/kiberatunghessen.com\/wp-content\/uploads\/2025\/07\/grafik-1024x492.png 1024w, https:\/\/kiberatunghessen.com\/wp-content\/uploads\/2025\/07\/grafik-300x144.png 300w, https:\/\/kiberatunghessen.com\/wp-content\/uploads\/2025\/07\/grafik-768x369.png 768w, https:\/\/kiberatunghessen.com\/wp-content\/uploads\/2025\/07\/grafik-1536x738.png 1536w, https:\/\/kiberatunghessen.com\/wp-content\/uploads\/2025\/07\/grafik-2048x983.png 2048w\" sizes=\"(max-width: 800px) 100vw, 800px\" \/>\t\t\t\t\t\t\t\t\t\t\t\t\t<\/div>\n\t\t\t\t<\/div>\n\t\t<div class=\"elementor-element elementor-element-2f33262 e-flex e-con-boxed wpr-particle-no wpr-jarallax-no wpr-parallax-no wpr-sticky-section-no elementor-invisible e-con e-child\" data-id=\"2f33262\" data-element_type=\"container\" data-settings=\"{&quot;animation&quot;:&quot;fadeInUp&quot;}\">\n\t\t\t\t\t<div class=\"e-con-inner\">\n\t\t\t\t<div class=\"elementor-element elementor-element-4593106 elementor-widget elementor-widget-text-editor\" data-id=\"4593106\" data-element_type=\"widget\" data-widget_type=\"text-editor.default\">\n\t\t\t\t<div class=\"elementor-widget-container\">\n\t\t\t<style>\/*! elementor - v3.21.0 - 18-04-2024 *\/\n.elementor-widget-text-editor.elementor-drop-cap-view-stacked .elementor-drop-cap{background-color:#69727d;color:#fff}.elementor-widget-text-editor.elementor-drop-cap-view-framed .elementor-drop-cap{color:#69727d;border:3px solid;background-color:transparent}.elementor-widget-text-editor:not(.elementor-drop-cap-view-default) .elementor-drop-cap{margin-top:8px}.elementor-widget-text-editor:not(.elementor-drop-cap-view-default) .elementor-drop-cap-letter{width:1em;height:1em}.elementor-widget-text-editor .elementor-drop-cap{float:left;text-align:center;line-height:1;font-size:50px}.elementor-widget-text-editor .elementor-drop-cap-letter{display:inline-block}<\/style>\t\t\t\t<div class=\"custom-content\">\n\nEin innovativer, KI-gest\u00fctzter Use Case zeigt, wie Projektsteuerer im\nBauwesen durch automatisierte Rechnungspr\u00fcfung massiv entlastet werden.\nHandschriftliche Vermerke, formale und rechnerische Fehler sowie\nAbweichungen vom urspr\u00fcnglichen Angebot werden vollautomatisch erkannt,\naufbereitet und in einem \u00fcbersichtlichen Pr\u00fcfbericht zusammengefasst.\n<h2>Use Case: Automatisierte Rechnungspr\u00fcfung bei Bauprojekten<\/h2>\nIm Bauwesen ist die Rechnungspr\u00fcfung durch Projektsteuerer ein komplexer,\nzeitaufwendiger Prozess. Rechnungen m\u00fcssen dabei nicht nur formal korrekt\nsein, sondern auch mit dem urspr\u00fcnglichen Angebot \u00fcbereinstimmen. Oft\nwurden sie bereits durch Architekten oder Planer fachlich vorgepr\u00fcft \u2013\ninklusive handschriftlicher Korrekturen, die sp\u00e4ter eingescannt werden.\n\nDie KI-L\u00f6sung erkennt und verarbeitet selbst solche handschriftlichen\nVermerke. Sie extrahiert alle relevanten Rechnungswerte, identifiziert\nAbweichungen \u2013 etwa zu hohe Positionen, nicht vereinbarte Posten oder\nformale Fehler \u2013 und erstellt daraus einen klar strukturierten\nPr\u00fcfbericht. Dieser enth\u00e4lt:\n<div class=\"feature-box\">\n<ul>\n \t<li><span class=\"icon\">\u2713<\/span>Eine vollst\u00e4ndige Auflistung aller M\u00e4ngel<\/li>\n \t<li><span class=\"icon\">\u2713<\/span>Konkrete Handlungsempfehlungen<\/li>\n \t<li><span class=\"icon\">\u2713<\/span>Eine automatisch erstellte Zahlungsfreigabe<\/li>\n<\/ul>\n<\/div>\n\n<h2>Ergebnis<\/h2>\n\n<div class=\"quote-box\">\n\nDer Zeitgewinn ist enorm: Was bislang je nach Umfang 30 Minuten bis\nmehrere Stunden beanspruchte, wird nun in unter 5 Minuten erm\u00f6glicht \u2013\ninklusive vollst\u00e4ndiger rechnerischer Pr\u00fcfung. Anders als bei der\nherk\u00f6mmlichen, oft nur stichprobenartigen Kontrolle, sorgt die KI f\u00fcr\neine durchg\u00e4ngig gepr\u00fcfte, nachvollziehbare und schnelle\nFreigabeentscheidung. Projektsteuerer erhalten ein leistungsf\u00e4higes Werkzeug, das ihnen erlaubt,\nsich auf das Wesentliche zu konzentrieren: Entscheidungen treffen.\n\n<\/div>\n<div class=\"key-stats\">\n<div class=\"stat\">\n<div class=\"stat-value\">Mehr Qualit\u00e4t.<\/div>\n<div class=\"stat-label\"><\/div>\n<\/div>\n<div class=\"stat\">\n<div class=\"stat-value\">Mehr Transparenz.<\/div>\n<div class=\"stat-label\"><\/div>\n<\/div>\n<div class=\"stat\">\n<div class=\"stat-value\">Weniger Aufwand.<\/div>\n<div class=\"stat-label\"><\/div>\n<\/div>\n<\/div>\n\n<\/div>\t\t\t\t\t\t<\/div>\n\t\t\t\t<\/div>\n\t\t\t\t\t<\/div>\n\t\t\t\t<\/div>\n\t\t\t\t<div class=\"elementor-element elementor-element-0f419ad elementor-widget elementor-widget-spacer\" data-id=\"0f419ad\" data-element_type=\"widget\" data-widget_type=\"spacer.default\">\n\t\t\t\t<div class=\"elementor-widget-container\">\n\t\t\t\t\t<div class=\"elementor-spacer\">\n\t\t\t<div class=\"elementor-spacer-inner\"><\/div>\n\t\t<\/div>\n\t\t\t\t<\/div>\n\t\t\t\t<\/div>\n\t\t\t\t\t<\/div>\n\t\t\t\t<\/div>\n\t\t\t\t\t<\/div>\n\t\t\t\t<\/div>\n\t\t\t\t<\/div>\n\t\t","protected":false},"excerpt":{"rendered":"<p>Case Study Automatisierte Rechnungspr\u00fcfung im Bauwesen \u2013 KI entlastet Projektsteuerer Ein innovativer, KI-gest\u00fctzter Use Case zeigt, wie Projektsteuerer im Bauwesen durch automatisierte Rechnungspr\u00fcfung massiv entlastet werden. Handschriftliche Vermerke, formale und rechnerische Fehler sowie Abweichungen vom urspr\u00fcnglichen Angebot werden vollautomatisch erkannt, aufbereitet und in einem \u00fcbersichtlichen Pr\u00fcfbericht zusammengefasst. Use Case: Automatisierte Rechnungspr\u00fcfung bei Bauprojekten Im Bauwesen [&hellip;]<\/p>\n","protected":false},"author":4,"featured_media":786,"parent":0,"menu_order":0,"comment_status":"closed","ping_status":"closed","template":"","meta":{"footnotes":""},"yoast_head":"<!-- This site is optimized with the Yoast SEO plugin v22.5 - https:\/\/yoast.com\/wordpress\/plugins\/seo\/ -->\n<title>Automatische Rechnungspr\u00fcfung - KI Beratung Hessen<\/title>\n<meta name=\"robots\" content=\"index, follow, max-snippet:-1, max-image-preview:large, max-video-preview:-1\" \/>\n<link rel=\"canonical\" href=\"https:\/\/kiberatunghessen.com\/index.php\/automatische-rechnungsprufung\/\" \/>\n<meta property=\"og:locale\" content=\"en_US\" \/>\n<meta property=\"og:type\" content=\"article\" \/>\n<meta property=\"og:title\" content=\"Automatische Rechnungspr\u00fcfung - KI Beratung Hessen\" \/>\n<meta property=\"og:description\" content=\"Case Study Automatisierte Rechnungspr\u00fcfung im Bauwesen \u2013 KI entlastet Projektsteuerer Ein innovativer, KI-gest\u00fctzter Use Case zeigt, wie Projektsteuerer im Bauwesen durch automatisierte Rechnungspr\u00fcfung massiv entlastet werden. Handschriftliche Vermerke, formale und rechnerische Fehler sowie Abweichungen vom urspr\u00fcnglichen Angebot werden vollautomatisch erkannt, aufbereitet und in einem \u00fcbersichtlichen Pr\u00fcfbericht zusammengefasst. Use Case: Automatisierte Rechnungspr\u00fcfung bei Bauprojekten Im Bauwesen [&hellip;]\" \/>\n<meta property=\"og:url\" content=\"https:\/\/kiberatunghessen.com\/index.php\/automatische-rechnungsprufung\/\" \/>\n<meta property=\"og:site_name\" content=\"KI Beratung Hessen\" \/>\n<meta property=\"article:modified_time\" content=\"2026-01-12T10:38:25+00:00\" \/>\n<meta property=\"og:image\" content=\"https:\/\/kiberatunghessen.com\/wp-content\/uploads\/2025\/05\/cropped-ChatGPT-Image-22.-Mai-2025-06_32_08-2.png\" \/>\n\t<meta property=\"og:image:width\" content=\"512\" \/>\n\t<meta property=\"og:image:height\" content=\"512\" \/>\n\t<meta property=\"og:image:type\" content=\"image\/png\" \/>\n<meta name=\"twitter:card\" content=\"summary_large_image\" \/>\n<meta name=\"twitter:label1\" content=\"Est. reading time\" \/>\n\t<meta name=\"twitter:data1\" content=\"2 minutes\" \/>\n<script type=\"application\/ld+json\" class=\"yoast-schema-graph\">{\"@context\":\"https:\/\/schema.org\",\"@graph\":[{\"@type\":\"WebPage\",\"@id\":\"https:\/\/kiberatunghessen.com\/index.php\/automatische-rechnungsprufung\/\",\"url\":\"https:\/\/kiberatunghessen.com\/index.php\/automatische-rechnungsprufung\/\",\"name\":\"Automatische Rechnungspr\u00fcfung - KI Beratung Hessen\",\"isPartOf\":{\"@id\":\"https:\/\/kiberatunghessen.com\/#website\"},\"primaryImageOfPage\":{\"@id\":\"https:\/\/kiberatunghessen.com\/index.php\/automatische-rechnungsprufung\/#primaryimage\"},\"image\":{\"@id\":\"https:\/\/kiberatunghessen.com\/index.php\/automatische-rechnungsprufung\/#primaryimage\"},\"thumbnailUrl\":\"https:\/\/kiberatunghessen.com\/wp-content\/uploads\/2025\/05\/cropped-ChatGPT-Image-22.-Mai-2025-06_32_08-2.png\",\"datePublished\":\"2025-07-08T14:48:00+00:00\",\"dateModified\":\"2026-01-12T10:38:25+00:00\",\"breadcrumb\":{\"@id\":\"https:\/\/kiberatunghessen.com\/index.php\/automatische-rechnungsprufung\/#breadcrumb\"},\"inLanguage\":\"en-US\",\"potentialAction\":[{\"@type\":\"ReadAction\",\"target\":[\"https:\/\/kiberatunghessen.com\/index.php\/automatische-rechnungsprufung\/\"]}]},{\"@type\":\"ImageObject\",\"inLanguage\":\"en-US\",\"@id\":\"https:\/\/kiberatunghessen.com\/index.php\/automatische-rechnungsprufung\/#primaryimage\",\"url\":\"https:\/\/kiberatunghessen.com\/wp-content\/uploads\/2025\/05\/cropped-ChatGPT-Image-22.-Mai-2025-06_32_08-2.png\",\"contentUrl\":\"https:\/\/kiberatunghessen.com\/wp-content\/uploads\/2025\/05\/cropped-ChatGPT-Image-22.-Mai-2025-06_32_08-2.png\",\"width\":512,\"height\":512},{\"@type\":\"BreadcrumbList\",\"@id\":\"https:\/\/kiberatunghessen.com\/index.php\/automatische-rechnungsprufung\/#breadcrumb\",\"itemListElement\":[{\"@type\":\"ListItem\",\"position\":1,\"name\":\"Startseite\",\"item\":\"https:\/\/kiberatunghessen.com\/\"},{\"@type\":\"ListItem\",\"position\":2,\"name\":\"Automatische Rechnungspr\u00fcfung\"}]},{\"@type\":\"WebSite\",\"@id\":\"https:\/\/kiberatunghessen.com\/#website\",\"url\":\"https:\/\/kiberatunghessen.com\/\",\"name\":\"KI Beratung Hessen\",\"description\":\"Ihr Weg zur KI-Exzellenz\",\"publisher\":{\"@id\":\"https:\/\/kiberatunghessen.com\/#organization\"},\"potentialAction\":[{\"@type\":\"SearchAction\",\"target\":{\"@type\":\"EntryPoint\",\"urlTemplate\":\"https:\/\/kiberatunghessen.com\/?s={search_term_string}\"},\"query-input\":\"required name=search_term_string\"}],\"inLanguage\":\"en-US\"},{\"@type\":\"Organization\",\"@id\":\"https:\/\/kiberatunghessen.com\/#organization\",\"name\":\"KI Beratung Hessen\",\"url\":\"https:\/\/kiberatunghessen.com\/\",\"logo\":{\"@type\":\"ImageObject\",\"inLanguage\":\"en-US\",\"@id\":\"https:\/\/kiberatunghessen.com\/#\/schema\/logo\/image\/\",\"url\":\"https:\/\/kiberatunghessen.com\/wp-content\/uploads\/2024\/03\/kibh3.png\",\"contentUrl\":\"https:\/\/kiberatunghessen.com\/wp-content\/uploads\/2024\/03\/kibh3.png\",\"width\":1050,\"height\":367,\"caption\":\"KI Beratung Hessen\"},\"image\":{\"@id\":\"https:\/\/kiberatunghessen.com\/#\/schema\/logo\/image\/\"}}]}<\/script>\n<!-- \/ Yoast SEO plugin. -->","yoast_head_json":{"title":"Automatische Rechnungspr\u00fcfung - KI Beratung Hessen","robots":{"index":"index","follow":"follow","max-snippet":"max-snippet:-1","max-image-preview":"max-image-preview:large","max-video-preview":"max-video-preview:-1"},"canonical":"https:\/\/kiberatunghessen.com\/index.php\/automatische-rechnungsprufung\/","og_locale":"en_US","og_type":"article","og_title":"Automatische Rechnungspr\u00fcfung - KI Beratung Hessen","og_description":"Case Study Automatisierte Rechnungspr\u00fcfung im Bauwesen \u2013 KI entlastet Projektsteuerer Ein innovativer, KI-gest\u00fctzter Use Case zeigt, wie Projektsteuerer im Bauwesen durch automatisierte Rechnungspr\u00fcfung massiv entlastet werden. Handschriftliche Vermerke, formale und rechnerische Fehler sowie Abweichungen vom urspr\u00fcnglichen Angebot werden vollautomatisch erkannt, aufbereitet und in einem \u00fcbersichtlichen Pr\u00fcfbericht zusammengefasst. Use Case: Automatisierte Rechnungspr\u00fcfung bei Bauprojekten Im Bauwesen [&hellip;]","og_url":"https:\/\/kiberatunghessen.com\/index.php\/automatische-rechnungsprufung\/","og_site_name":"KI Beratung Hessen","article_modified_time":"2026-01-12T10:38:25+00:00","og_image":[{"width":512,"height":512,"url":"https:\/\/kiberatunghessen.com\/wp-content\/uploads\/2025\/05\/cropped-ChatGPT-Image-22.-Mai-2025-06_32_08-2.png","type":"image\/png"}],"twitter_card":"summary_large_image","twitter_misc":{"Est. reading time":"2 minutes"},"schema":{"@context":"https:\/\/schema.org","@graph":[{"@type":"WebPage","@id":"https:\/\/kiberatunghessen.com\/index.php\/automatische-rechnungsprufung\/","url":"https:\/\/kiberatunghessen.com\/index.php\/automatische-rechnungsprufung\/","name":"Automatische Rechnungspr\u00fcfung - KI Beratung Hessen","isPartOf":{"@id":"https:\/\/kiberatunghessen.com\/#website"},"primaryImageOfPage":{"@id":"https:\/\/kiberatunghessen.com\/index.php\/automatische-rechnungsprufung\/#primaryimage"},"image":{"@id":"https:\/\/kiberatunghessen.com\/index.php\/automatische-rechnungsprufung\/#primaryimage"},"thumbnailUrl":"https:\/\/kiberatunghessen.com\/wp-content\/uploads\/2025\/05\/cropped-ChatGPT-Image-22.-Mai-2025-06_32_08-2.png","datePublished":"2025-07-08T14:48:00+00:00","dateModified":"2026-01-12T10:38:25+00:00","breadcrumb":{"@id":"https:\/\/kiberatunghessen.com\/index.php\/automatische-rechnungsprufung\/#breadcrumb"},"inLanguage":"en-US","potentialAction":[{"@type":"ReadAction","target":["https:\/\/kiberatunghessen.com\/index.php\/automatische-rechnungsprufung\/"]}]},{"@type":"ImageObject","inLanguage":"en-US","@id":"https:\/\/kiberatunghessen.com\/index.php\/automatische-rechnungsprufung\/#primaryimage","url":"https:\/\/kiberatunghessen.com\/wp-content\/uploads\/2025\/05\/cropped-ChatGPT-Image-22.-Mai-2025-06_32_08-2.png","contentUrl":"https:\/\/kiberatunghessen.com\/wp-content\/uploads\/2025\/05\/cropped-ChatGPT-Image-22.-Mai-2025-06_32_08-2.png","width":512,"height":512},{"@type":"BreadcrumbList","@id":"https:\/\/kiberatunghessen.com\/index.php\/automatische-rechnungsprufung\/#breadcrumb","itemListElement":[{"@type":"ListItem","position":1,"name":"Startseite","item":"https:\/\/kiberatunghessen.com\/"},{"@type":"ListItem","position":2,"name":"Automatische Rechnungspr\u00fcfung"}]},{"@type":"WebSite","@id":"https:\/\/kiberatunghessen.com\/#website","url":"https:\/\/kiberatunghessen.com\/","name":"KI Beratung Hessen","description":"Ihr Weg zur KI-Exzellenz","publisher":{"@id":"https:\/\/kiberatunghessen.com\/#organization"},"potentialAction":[{"@type":"SearchAction","target":{"@type":"EntryPoint","urlTemplate":"https:\/\/kiberatunghessen.com\/?s={search_term_string}"},"query-input":"required name=search_term_string"}],"inLanguage":"en-US"},{"@type":"Organization","@id":"https:\/\/kiberatunghessen.com\/#organization","name":"KI Beratung Hessen","url":"https:\/\/kiberatunghessen.com\/","logo":{"@type":"ImageObject","inLanguage":"en-US","@id":"https:\/\/kiberatunghessen.com\/#\/schema\/logo\/image\/","url":"https:\/\/kiberatunghessen.com\/wp-content\/uploads\/2024\/03\/kibh3.png","contentUrl":"https:\/\/kiberatunghessen.com\/wp-content\/uploads\/2024\/03\/kibh3.png","width":1050,"height":367,"caption":"KI Beratung Hessen"},"image":{"@id":"https:\/\/kiberatunghessen.com\/#\/schema\/logo\/image\/"}}]}},"_links":{"self":[{"href":"https:\/\/kiberatunghessen.com\/index.php\/wp-json\/wp\/v2\/pages\/917"}],"collection":[{"href":"https:\/\/kiberatunghessen.com\/index.php\/wp-json\/wp\/v2\/pages"}],"about":[{"href":"https:\/\/kiberatunghessen.com\/index.php\/wp-json\/wp\/v2\/types\/page"}],"author":[{"embeddable":true,"href":"https:\/\/kiberatunghessen.com\/index.php\/wp-json\/wp\/v2\/users\/4"}],"replies":[{"embeddable":true,"href":"https:\/\/kiberatunghessen.com\/index.php\/wp-json\/wp\/v2\/comments?post=917"}],"version-history":[{"count":25,"href":"https:\/\/kiberatunghessen.com\/index.php\/wp-json\/wp\/v2\/pages\/917\/revisions"}],"predecessor-version":[{"id":1357,"href":"https:\/\/kiberatunghessen.com\/index.php\/wp-json\/wp\/v2\/pages\/917\/revisions\/1357"}],"wp:featuredmedia":[{"embeddable":true,"href":"https:\/\/kiberatunghessen.com\/index.php\/wp-json\/wp\/v2\/media\/786"}],"wp:attachment":[{"href":"https:\/\/kiberatunghessen.com\/index.php\/wp-json\/wp\/v2\/media?parent=917"}],"curies":[{"name":"wp","href":"https:\/\/api.w.org\/{rel}","templated":true}]}}